{"id":6493,"date":"2019-03-04T10:42:00","date_gmt":"2019-03-04T09:42:00","guid":{"rendered":"https:\/\/artelatz.eus\/zerbitzuak\/"},"modified":"2024-08-12T01:21:56","modified_gmt":"2024-08-11T23:21:56","slug":"servicios","status":"publish","type":"page","link":"https:\/\/artelatz.eus\/es\/servicios\/","title":{"rendered":"Servicios"},"content":{"rendered":"<p>[et_pb_section fb_built=\u00bb1&#8243; fullwidth=\u00bbon\u00bb next_background_color=\u00bb#ffffff\u00bb _builder_version=\u00bb4.16&#8243; background_color=\u00bbrgba(0,0,0,0.25)\u00bb background_image=\u00bbhttps:\/\/artelatz.eus\/wp-content\/uploads\/2019\/07\/Banner_ZERBITZUAK.jpg\u00bb background_blend=\u00bbdarken\u00bb custom_padding=\u00bb0|0px|90px|0px|false|false\u00bb bottom_divider_style=\u00bbgraph3&#8243; bottom_divider_height=\u00bb20px\u00bb global_colors_info=\u00bb{}\u00bb][et_pb_fullwidth_post_title meta=\u00bboff\u00bb featured_image=\u00bboff\u00bb _builder_version=\u00bb4.16&#8243; title_font=\u00bb|||on|||||\u00bb title_text_align=\u00bbcenter\u00bb title_text_color=\u00bb#ffffff\u00bb title_font_size=\u00bb30px\u00bb title_letter_spacing=\u00bb5px\u00bb animation_style=\u00bbzoom\u00bb title_text_shadow_style=\u00bbpreset1&#8243; global_colors_info=\u00bb{}\u00bb][\/et_pb_fullwidth_post_title][\/et_pb_section][et_pb_section fb_built=\u00bb1&#8243; _builder_version=\u00bb4.16&#8243; custom_padding=\u00bb30px||||false|false\u00bb bottom_divider_color=\u00bb#4b575f\u00bb global_colors_info=\u00bb{}\u00bb][et_pb_row _builder_version=\u00bb4.16&#8243; custom_padding=\u00bb0|0px|0|0px|false|false\u00bb global_colors_info=\u00bb{}\u00bb][et_pb_column type=\u00bb4_4&#8243; _builder_version=\u00bb4.16&#8243; custom_padding=\u00bb|||\u00bb global_colors_info=\u00bb{}\u00bb custom_padding__hover=\u00bb|||\u00bb][et_pb_text _builder_version=\u00bb4.16&#8243; text_font=\u00bb||||||||\u00bb header_font=\u00bb||||||||\u00bb animation_style=\u00bbfade\u00bb global_colors_info=\u00bb{}\u00bb]<\/p>\n<p>Desde su creaci\u00f3n, el equipo de Artelatz ha ido evolucionando en la relaci\u00f3n de servicios que ofrece a sus clientes.<\/p>\n<p>A partir de nuestros primeros pasos en la entonces incipiente educaci\u00f3n ambiental, la necesidad de incorporar conceptos como la sostenibilidad, la biodiversidad, la movilidad, econom\u00eda circular\u2026 y de dar cobertura m\u00e1xima en nuestras tareas al cliente ha generado una diversificaci\u00f3n de los servicios.<\/p>\n<p>Esta impronta de diversificaci\u00f3n se une a la necesidad de innovar constantemente en nuestras tecnolog\u00edas sin olvidar nuestro compromiso fundamental con el medio ambiente.<\/p>\n<p>[\/et_pb_text][\/et_pb_column][\/et_pb_row][\/et_pb_section][et_pb_section fb_built=\u00bb1&#8243; _builder_version=\u00bb4.16&#8243; custom_padding=\u00bb50px||150px||false|false\u00bb bottom_divider_style=\u00bbmountains2&#8243; bottom_divider_color=\u00bb#4b575f\u00bb global_colors_info=\u00bb{}\u00bb][et_pb_row _builder_version=\u00bb4.16&#8243; custom_padding=\u00bb0|0px|0|0px|false|false\u00bb global_colors_info=\u00bb{}\u00bb][et_pb_column type=\u00bb4_4&#8243; _builder_version=\u00bb4.16&#8243; custom_padding=\u00bb|||\u00bb global_colors_info=\u00bb{}\u00bb custom_padding__hover=\u00bb|||\u00bb][et_pb_accordion module_id=\u00bbzerrenda\u00bb _builder_version=\u00bb4.16&#8243; toggle_font=\u00bb||||||||\u00bb animation_style=\u00bbfade\u00bb locked=\u00bboff\u00bb global_colors_info=\u00bb{}\u00bb][et_pb_accordion_item title=\u00bbHidden\u00bb _builder_version=\u00bb4.16&#8243; custom_css_main_element=\u00bbdisplay:none\u00bb global_colors_info=\u00bb{}\u00bb open=\u00bbon\u00bb][\/et_pb_accordion_item][et_pb_accordion_item title=\u00bbCampa\u00f1as\u00bb _builder_version=\u00bb4.16&#8243; global_colors_info=\u00bb{}\u00bb open=\u00bboff\u00bb]<\/p>\n<p><img loading=\"lazy\" decoding=\"async\" src=\"https:\/\/artelatz.eus\/wp-content\/uploads\/2019\/06\/Kanpainak.jpg\" width=\"1080\" height=\"227\" alt=\"Kanpainak\" class=\"wp-image-6668 alignnone size-full\" srcset=\"https:\/\/artelatz.eus\/wp-content\/uploads\/2019\/06\/Kanpainak.jpg 1080w, https:\/\/artelatz.eus\/wp-content\/uploads\/2019\/06\/Kanpainak-300x63.jpg 300w, https:\/\/artelatz.eus\/wp-content\/uploads\/2019\/06\/Kanpainak-768x161.jpg 768w, https:\/\/artelatz.eus\/wp-content\/uploads\/2019\/06\/Kanpainak-1024x215.jpg 1024w\" sizes=\"(max-width: 1080px) 100vw, 1080px\" \/><\/p>\n<p>Nos implicamos en la gesti\u00f3n integral de campa\u00f1as de sensibilizaci\u00f3n y comunicaci\u00f3n de diversos temas integrando en nuestro trabajo: la concreci\u00f3n de la idea y definici\u00f3n de los medios a utilizar, el dise\u00f1o y la producci\u00f3n, el desarrollo y su seguimiento.<\/p>\n<p>[\/et_pb_accordion_item][et_pb_accordion_item title=\u00bbEspacios naturales\u00bb _builder_version=\u00bb4.16&#8243; global_colors_info=\u00bb{}\u00bb open=\u00bboff\u00bb]<\/p>\n<p><img loading=\"lazy\" decoding=\"async\" src=\"https:\/\/artelatz.eus\/wp-content\/uploads\/2019\/06\/Natur-guneak.jpg\" width=\"1080\" height=\"227\" alt=\"Natur guneak\" class=\"wp-image-6690 alignnone size-full\" srcset=\"https:\/\/artelatz.eus\/wp-content\/uploads\/2019\/06\/Natur-guneak.jpg 1080w, https:\/\/artelatz.eus\/wp-content\/uploads\/2019\/06\/Natur-guneak-300x63.jpg 300w, https:\/\/artelatz.eus\/wp-content\/uploads\/2019\/06\/Natur-guneak-768x161.jpg 768w, https:\/\/artelatz.eus\/wp-content\/uploads\/2019\/06\/Natur-guneak-1024x215.jpg 1024w\" sizes=\"(max-width: 1080px) 100vw, 1080px\" \/><\/p>\n<p>Mediante el conocimiento de los paisajes culturales que han surgido de la interrelaci\u00f3n secular que se ha dado entre el ser humano y su medio llegaremos a valorarlos y preservarlos.<\/p>\n<ul>\n<li>Dinamizaci\u00f3n y atenci\u00f3n en los Parketxes:\n<ul>\n<li>Arditurri-Oiartzun (PN Aiako Harria)<\/li>\n<li>Barandiaran-Lizarrausti-Ataun (PN Aralar)<\/li>\n<li>Anduetza-Zegama (PN Aizkorri-Aratz)<\/li>\n<li>Arantzazu-O\u00f1ati (PN Aizkorri-Aratz)<\/li>\n<\/ul>\n<\/li>\n<li>Creaci\u00f3n de recursos interpretativos.<\/li>\n<\/ul>\n<p>[\/et_pb_accordion_item][et_pb_accordion_item title=\u00bbAgenda Escolar 2030&#8243; _builder_version=\u00bb4.16&#8243; global_colors_info=\u00bb{}\u00bb open=\u00bboff\u00bb]<\/p>\n<p><img loading=\"lazy\" decoding=\"async\" src=\"https:\/\/artelatz.eus\/wp-content\/uploads\/2019\/06\/EAG21.jpg\" width=\"1080\" height=\"226\" alt=\"EAG21\" class=\"wp-image-6678 alignnone size-full\" srcset=\"https:\/\/artelatz.eus\/wp-content\/uploads\/2019\/06\/EAG21.jpg 1080w, https:\/\/artelatz.eus\/wp-content\/uploads\/2019\/06\/EAG21-300x63.jpg 300w, https:\/\/artelatz.eus\/wp-content\/uploads\/2019\/06\/EAG21-768x161.jpg 768w, https:\/\/artelatz.eus\/wp-content\/uploads\/2019\/06\/EAG21-1024x214.jpg 1024w\" sizes=\"(max-width: 1080px) 100vw, 1080px\" \/><\/p>\n<p>Este programa que impulsa la participaci\u00f3n de la comunidad escolar en la gesti\u00f3n sostenible del municipio impulsa la reflexi\u00f3n de alternativas m\u00e1s respetuosas con el medioambiente en la gesti\u00f3n local y propicia que chicas y chicos tengan voz ante los representantes municipales.<\/p>\n<ul>\n<li>El procedimiento paso a paso: sensibilizaci\u00f3n, desarrollo, foros y audiencia.<\/li>\n<li>Creaci\u00f3n de material did\u00e1ctico.<\/li>\n<\/ul>\n<p>[\/et_pb_accordion_item][et_pb_accordion_item title=\u00bbResiduos\u00bb _builder_version=\u00bb4.16&#8243; global_colors_info=\u00bb{}\u00bb open=\u00bboff\u00bb]<\/p>\n<p><img loading=\"lazy\" decoding=\"async\" src=\"https:\/\/artelatz.eus\/wp-content\/uploads\/2019\/06\/Hondakinak.jpg\" width=\"1080\" height=\"225\" alt=\"Hondakinak\" class=\"wp-image-6682 alignnone size-full\" srcset=\"https:\/\/artelatz.eus\/wp-content\/uploads\/2019\/06\/Hondakinak.jpg 1080w, https:\/\/artelatz.eus\/wp-content\/uploads\/2019\/06\/Hondakinak-300x63.jpg 300w, https:\/\/artelatz.eus\/wp-content\/uploads\/2019\/06\/Hondakinak-768x160.jpg 768w, https:\/\/artelatz.eus\/wp-content\/uploads\/2019\/06\/Hondakinak-1024x213.jpg 1024w\" sizes=\"(max-width: 1080px) 100vw, 1080px\" \/><\/p>\n<p>Atenci\u00f3n a todos los estadios de la jerarqu\u00eda sobre la gesti\u00f3n de residuos (prevenci\u00f3n, reutilizaci\u00f3n y reciclaje) en todos los niveles bajo el paraguas de la econom\u00eda circular:<\/p>\n<ul>\n<li>Prevenci\u00f3n:\n<ul>\n<li>Despilfarro de alimentos.<\/li>\n<li>Compostaje dom\u00e9stico<\/li>\n<li>Zisare, programa de compostaje en centros escolares.<\/li>\n<\/ul>\n<\/li>\n<li>Reutilizaci\u00f3n:\n<ul>\n<li>Mercados de segunda mano.<\/li>\n<\/ul>\n<\/li>\n<li>Reciclaje:\n<ul>\n<li>Materia org\u00e1nica<\/li>\n<li>Mejora de cantidad y calidad en las recogidas selectivas<\/li>\n<\/ul>\n<\/li>\n<\/ul>\n<p>[\/et_pb_accordion_item][et_pb_accordion_item title=\u00bbEnerg\u00edas renovables\u00bb _builder_version=\u00bb4.16&#8243; global_colors_info=\u00bb{}\u00bb open=\u00bboff\u00bb]<\/p>\n<p><img loading=\"lazy\" decoding=\"async\" src=\"https:\/\/artelatz.eus\/wp-content\/uploads\/2019\/06\/Energia-berriztagarriak.jpg\" width=\"1080\" height=\"226\" alt=\"Energia berriztagarriak\" class=\"wp-image-6680 alignnone size-full\" srcset=\"https:\/\/artelatz.eus\/wp-content\/uploads\/2019\/06\/Energia-berriztagarriak.jpg 1080w, https:\/\/artelatz.eus\/wp-content\/uploads\/2019\/06\/Energia-berriztagarriak-300x63.jpg 300w, https:\/\/artelatz.eus\/wp-content\/uploads\/2019\/06\/Energia-berriztagarriak-768x161.jpg 768w, https:\/\/artelatz.eus\/wp-content\/uploads\/2019\/06\/Energia-berriztagarriak-1024x214.jpg 1024w\" sizes=\"(max-width: 1080px) 100vw, 1080px\" \/><\/p>\n<p>El fomento de las energ\u00edas renovables en una sociedad de transici\u00f3n energ\u00e9tica es vital y colaboramos en ello con:<\/p>\n<ul>\n<li>Talleres<\/li>\n<li>Exposiciones en diversos formatos: paneles, material did\u00e1ctico\u2026<\/li>\n<\/ul>\n<p>[\/et_pb_accordion_item][et_pb_accordion_item title=\u00bbMovibilidad sostenible\u00bb _builder_version=\u00bb4.16&#8243; global_colors_info=\u00bb{}\u00bb open=\u00bboff\u00bb]<\/p>\n<p><img loading=\"lazy\" decoding=\"async\" src=\"https:\/\/artelatz.eus\/wp-content\/uploads\/2019\/06\/Mugikortasun-iraunkorra.jpg\" width=\"1080\" height=\"226\" alt=\"Mugikortasun iraunkorra\" class=\"wp-image-6686 alignnone size-full\" srcset=\"https:\/\/artelatz.eus\/wp-content\/uploads\/2019\/06\/Mugikortasun-iraunkorra.jpg 1080w, https:\/\/artelatz.eus\/wp-content\/uploads\/2019\/06\/Mugikortasun-iraunkorra-300x63.jpg 300w, https:\/\/artelatz.eus\/wp-content\/uploads\/2019\/06\/Mugikortasun-iraunkorra-768x161.jpg 768w, https:\/\/artelatz.eus\/wp-content\/uploads\/2019\/06\/Mugikortasun-iraunkorra-1024x214.jpg 1024w\" sizes=\"(max-width: 1080px) 100vw, 1080px\" \/><\/p>\n<p>El objetivo principal se cifra en la importancia que tiene optar por los modos de transporte m\u00e1s sostenibles as\u00ed como y concienciar sobre las implicaciones de cada elecci\u00f3n.<\/p>\n<ul>\n<li>Semana de la movilidad.<\/li>\n<li>Mercados de bicicletas de segunda mano.<\/li>\n<li>Cursillos para circular con bicicletas en medio urbano.<\/li>\n<li>A la escuela andando.<\/li>\n<\/ul>\n<p>[\/et_pb_accordion_item][et_pb_accordion_item title=\u00bbEstudios y planes\u00bb open=\u00bboff\u00bb _builder_version=\u00bb4.16&#8243; global_colors_info=\u00bb{}\u00bb]<\/p>\n<p><img loading=\"lazy\" decoding=\"async\" src=\"https:\/\/artelatz.eus\/wp-content\/uploads\/2019\/06\/Azterketak-eta-planak.jpg\" width=\"1080\" height=\"227\" alt=\"Azterketak eta planak\" class=\"wp-image-6672 alignnone size-full\" srcset=\"https:\/\/artelatz.eus\/wp-content\/uploads\/2019\/06\/Azterketak-eta-planak.jpg 1080w, https:\/\/artelatz.eus\/wp-content\/uploads\/2019\/06\/Azterketak-eta-planak-300x63.jpg 300w, https:\/\/artelatz.eus\/wp-content\/uploads\/2019\/06\/Azterketak-eta-planak-768x161.jpg 768w, https:\/\/artelatz.eus\/wp-content\/uploads\/2019\/06\/Azterketak-eta-planak-1024x215.jpg 1024w\" sizes=\"(max-width: 1080px) 100vw, 1080px\" \/><\/p>\n<p>Ponemos a disposici\u00f3n del cliente nuestra dilatada experiencia y conocimiento en diversos temas medioambientales ofreciendo, entre otros:<\/p>\n<ul>\n<li>Planes de prevenci\u00f3n en residuos urbanos.<\/li>\n<li>Estrategias para evitar el despilfarro alimentario y en la gesti\u00f3n de residuos urbanos.<\/li>\n<li>Frecuentaci\u00f3n de visitantes en espacios de ocio.<\/li>\n<li>Agenda 2030: contribuci\u00f3n de las entidades a los Objetivos de Desarrollo Sostenible (ODS).<\/li>\n<\/ul>\n<p>[\/et_pb_accordion_item][et_pb_accordion_item title=\u00bbCentros culturales y museos\u00bb _builder_version=\u00bb4.16&#8243; global_colors_info=\u00bb{}\u00bb open=\u00bboff\u00bb]<\/p>\n<p><img loading=\"lazy\" decoding=\"async\" src=\"https:\/\/artelatz.eus\/wp-content\/uploads\/2019\/06\/Kultur-zentroak-eta-museoak.jpg\" width=\"1080\" height=\"227\" alt=\"Kultur zentroak eta museoak\" class=\"wp-image-6684 alignnone size-full\" srcset=\"https:\/\/artelatz.eus\/wp-content\/uploads\/2019\/06\/Kultur-zentroak-eta-museoak.jpg 1080w, https:\/\/artelatz.eus\/wp-content\/uploads\/2019\/06\/Kultur-zentroak-eta-museoak-300x63.jpg 300w, https:\/\/artelatz.eus\/wp-content\/uploads\/2019\/06\/Kultur-zentroak-eta-museoak-768x161.jpg 768w, https:\/\/artelatz.eus\/wp-content\/uploads\/2019\/06\/Kultur-zentroak-eta-museoak-1024x215.jpg 1024w\" sizes=\"(max-width: 1080px) 100vw, 1080px\" \/><\/p>\n<p>La capacidad comunicativa de nuestro equipo nos permite garantizar un excelente servicio de atenci\u00f3n y dinamizaci\u00f3n en equipamientos culturales.<\/p>\n<ul>\n<li>Museo Barandiaran, Ataun.<\/li>\n<li>Urrelur, museo de mineralog\u00eda y f\u00f3siles de Urretxu.<\/li>\n<\/ul>\n<p>[\/et_pb_accordion_item][et_pb_accordion_item title=\u00bbVisitas guiadas a instalaciones\u00bb _builder_version=\u00bb4.16&#8243; global_colors_info=\u00bb{}\u00bb open=\u00bboff\u00bb]<\/p>\n<p><img loading=\"lazy\" decoding=\"async\" src=\"https:\/\/artelatz.eus\/wp-content\/uploads\/2019\/06\/Bisita-gidatuak-azpiegituretara.jpg\" width=\"1080\" height=\"226\" alt=\"Bisita gidatuak azpiegituretara\" class=\"wp-image-6674 alignnone size-full\" srcset=\"https:\/\/artelatz.eus\/wp-content\/uploads\/2019\/06\/Bisita-gidatuak-azpiegituretara.jpg 1080w, https:\/\/artelatz.eus\/wp-content\/uploads\/2019\/06\/Bisita-gidatuak-azpiegituretara-300x63.jpg 300w, https:\/\/artelatz.eus\/wp-content\/uploads\/2019\/06\/Bisita-gidatuak-azpiegituretara-768x161.jpg 768w, https:\/\/artelatz.eus\/wp-content\/uploads\/2019\/06\/Bisita-gidatuak-azpiegituretara-1024x214.jpg 1024w\" sizes=\"(max-width: 1080px) 100vw, 1080px\" \/><\/p>\n<p>Las visitas guiadas a infraestructuras medioambientales son un recurso \u00f3ptimo para la sensibilizaci\u00f3n de la sociedad. Ofrecemos un servicio integral: protocolo de reserva de grupos, desarrollo de la visita, evaluaci\u00f3n, creaci\u00f3n de material did\u00e1ctico.<\/p>\n<ul>\n<li>Agua: embalses, plantas potabilizadoras, plantas depuradoras.<\/li>\n<li>Residuos: plantas de clasificaci\u00f3n de residuos, puntos-limpios.<\/li>\n<\/ul>\n<p>[\/et_pb_accordion_item][et_pb_accordion_item title=\u00bbDise\u00f1o gr\u00e1fico\u00bb _builder_version=\u00bb4.16&#8243; global_colors_info=\u00bb{}\u00bb open=\u00bboff\u00bb]<\/p>\n<p><img loading=\"lazy\" decoding=\"async\" src=\"https:\/\/artelatz.eus\/wp-content\/uploads\/2019\/06\/Diseinu-grafikoa.jpg\" width=\"1080\" height=\"227\" alt=\"Diseinu grafikoa\" class=\"wp-image-6676 alignnone size-full\" srcset=\"https:\/\/artelatz.eus\/wp-content\/uploads\/2019\/06\/Diseinu-grafikoa.jpg 1080w, https:\/\/artelatz.eus\/wp-content\/uploads\/2019\/06\/Diseinu-grafikoa-300x63.jpg 300w, https:\/\/artelatz.eus\/wp-content\/uploads\/2019\/06\/Diseinu-grafikoa-768x161.jpg 768w, https:\/\/artelatz.eus\/wp-content\/uploads\/2019\/06\/Diseinu-grafikoa-1024x215.jpg 1024w\" sizes=\"(max-width: 1080px) 100vw, 1080px\" \/><\/p>\n<p>Nuestro departamento de dise\u00f1o gr\u00e1fico cuenta con profesionales de dilatada experiencia y con medios punteros. Adem\u00e1s de colaborar en el desarrollo de los diferentes \u00e1mbitos de trabajo de Artelatz, tambi\u00e9n realizamos encargos espec\u00edficos del \u00e1mbito del dise\u00f1o gr\u00e1fico:<\/p>\n<ul>\n<li>Creaci\u00f3n de imagen corporativa<\/li>\n<li>M\u00faltiples soportes informativos<\/li>\n<li>Se\u00f1al\u00e9tica e interpretaci\u00f3n<\/li>\n<li>Dise\u00f1o interior de equipamientos<\/li>\n<\/ul>\n<p>[\/et_pb_accordion_item][\/et_pb_accordion][\/et_pb_column][\/et_pb_row][\/et_pb_section]<\/p>\n","protected":false},"excerpt":{"rendered":"<p>Desde su creaci\u00f3n, el equipo de Artelatz ha ido evolucionando en la relaci\u00f3n de servicios que ofrece a sus clientes. A partir de nuestros primeros pasos en la entonces incipiente educaci\u00f3n ambiental, la necesidad de incorporar conceptos como la sostenibilidad, la biodiversidad, la movilidad, econom\u00eda circular\u2026 y de dar cobertura m\u00e1xima en nuestras tareas al [&hellip;]<\/p>\n","protected":false},"author":1,"featured_media":0,"parent":0,"menu_order":0,"comment_status":"closed","ping_status":"closed","template":"","meta":{"_et_pb_use_builder":"on","_et_pb_old_content":"","_et_gb_content_width":"","footnotes":""},"class_list":["post-6493","page","type-page","status-publish","hentry"],"yoast_head":"<!-- This site is optimized with the Yoast SEO plugin v27.3 - https:\/\/yoast.com\/product\/yoast-seo-wordpress\/ -->\n<title>Servicios &#8226; Artelatz<\/title>\n<meta name=\"description\" content=\"Desde su creaci\u00f3n, el equipo de Artelatz ha ido evolucionando en la relaci\u00f3n de servicios que ofrece a sus clientes.\" \/>\n<meta name=\"robots\" content=\"index, follow, max-snippet:-1, max-image-preview:large, max-video-preview:-1\" \/>\n<link rel=\"canonical\" href=\"https:\/\/artelatz.eus\/es\/servicios\/\" \/>\n<meta property=\"og:locale\" content=\"es_ES\" \/>\n<meta property=\"og:type\" content=\"article\" \/>\n<meta property=\"og:title\" content=\"Servicios &#8226; Artelatz\" \/>\n<meta property=\"og:description\" content=\"Desde su creaci\u00f3n, el equipo de Artelatz ha ido evolucionando en la relaci\u00f3n de servicios que ofrece a sus clientes.\" \/>\n<meta property=\"og:url\" content=\"https:\/\/artelatz.eus\/es\/servicios\/\" \/>\n<meta property=\"og:site_name\" content=\"Artelatz\" \/>\n<meta property=\"article:publisher\" content=\"https:\/\/www.facebook.com\/Artelatz-143100262512937\/\" \/>\n<meta property=\"article:modified_time\" content=\"2024-08-11T23:21:56+00:00\" \/>\n<meta property=\"og:image\" content=\"https:\/\/artelatz.eus\/wp-content\/uploads\/2019\/06\/Kanpainak.jpg\" \/>\n<meta name=\"twitter:card\" content=\"summary_large_image\" \/>\n<meta name=\"twitter:site\" content=\"@artelatz_inguru\" \/>\n<meta name=\"twitter:label1\" content=\"Tiempo de lectura\" \/>\n\t<meta name=\"twitter:data1\" content=\"5 minutos\" \/>\n<script type=\"application\/ld+json\" class=\"yoast-schema-graph\">{\"@context\":\"https:\\\/\\\/schema.org\",\"@graph\":[{\"@type\":\"WebPage\",\"@id\":\"https:\\\/\\\/artelatz.eus\\\/es\\\/servicios\\\/\",\"url\":\"https:\\\/\\\/artelatz.eus\\\/es\\\/servicios\\\/\",\"name\":\"Servicios &#8226; Artelatz\",\"isPartOf\":{\"@id\":\"https:\\\/\\\/artelatz.eus\\\/#website\"},\"primaryImageOfPage\":{\"@id\":\"https:\\\/\\\/artelatz.eus\\\/es\\\/servicios\\\/#primaryimage\"},\"image\":{\"@id\":\"https:\\\/\\\/artelatz.eus\\\/es\\\/servicios\\\/#primaryimage\"},\"thumbnailUrl\":\"https:\\\/\\\/artelatz.eus\\\/wp-content\\\/uploads\\\/2019\\\/06\\\/Kanpainak.jpg\",\"datePublished\":\"2019-03-04T09:42:00+00:00\",\"dateModified\":\"2024-08-11T23:21:56+00:00\",\"description\":\"Desde su creaci\u00f3n, el equipo de Artelatz ha ido evolucionando en la relaci\u00f3n de servicios que ofrece a sus clientes.\",\"breadcrumb\":{\"@id\":\"https:\\\/\\\/artelatz.eus\\\/es\\\/servicios\\\/#breadcrumb\"},\"inLanguage\":\"es\",\"potentialAction\":[{\"@type\":\"ReadAction\",\"target\":[\"https:\\\/\\\/artelatz.eus\\\/es\\\/servicios\\\/\"]}]},{\"@type\":\"ImageObject\",\"inLanguage\":\"es\",\"@id\":\"https:\\\/\\\/artelatz.eus\\\/es\\\/servicios\\\/#primaryimage\",\"url\":\"https:\\\/\\\/artelatz.eus\\\/wp-content\\\/uploads\\\/2019\\\/06\\\/Kanpainak.jpg\",\"contentUrl\":\"https:\\\/\\\/artelatz.eus\\\/wp-content\\\/uploads\\\/2019\\\/06\\\/Kanpainak.jpg\"},{\"@type\":\"BreadcrumbList\",\"@id\":\"https:\\\/\\\/artelatz.eus\\\/es\\\/servicios\\\/#breadcrumb\",\"itemListElement\":[{\"@type\":\"ListItem\",\"position\":1,\"name\":\"Home\",\"item\":\"https:\\\/\\\/artelatz.eus\\\/es\\\/\"},{\"@type\":\"ListItem\",\"position\":2,\"name\":\"Servicios\"}]},{\"@type\":\"WebSite\",\"@id\":\"https:\\\/\\\/artelatz.eus\\\/#website\",\"url\":\"https:\\\/\\\/artelatz.eus\\\/\",\"name\":\"Artelatz\",\"description\":\"Ingurumen zerbitzuak\",\"publisher\":{\"@id\":\"https:\\\/\\\/artelatz.eus\\\/#organization\"},\"potentialAction\":[{\"@type\":\"SearchAction\",\"target\":{\"@type\":\"EntryPoint\",\"urlTemplate\":\"https:\\\/\\\/artelatz.eus\\\/?s={search_term_string}\"},\"query-input\":{\"@type\":\"PropertyValueSpecification\",\"valueRequired\":true,\"valueName\":\"search_term_string\"}}],\"inLanguage\":\"es\"},{\"@type\":\"Organization\",\"@id\":\"https:\\\/\\\/artelatz.eus\\\/#organization\",\"name\":\"Artelatz Ingurugiro Zerbitzuak\",\"url\":\"https:\\\/\\\/artelatz.eus\\\/\",\"logo\":{\"@type\":\"ImageObject\",\"inLanguage\":\"es\",\"@id\":\"https:\\\/\\\/artelatz.eus\\\/#\\\/schema\\\/logo\\\/image\\\/\",\"url\":\"https:\\\/\\\/artelatz.eus\\\/wp-content\\\/uploads\\\/2019\\\/03\\\/Artelatz_logo.png\",\"contentUrl\":\"https:\\\/\\\/artelatz.eus\\\/wp-content\\\/uploads\\\/2019\\\/03\\\/Artelatz_logo.png\",\"width\":200,\"height\":87,\"caption\":\"Artelatz Ingurugiro Zerbitzuak\"},\"image\":{\"@id\":\"https:\\\/\\\/artelatz.eus\\\/#\\\/schema\\\/logo\\\/image\\\/\"},\"sameAs\":[\"https:\\\/\\\/www.facebook.com\\\/Artelatz-143100262512937\\\/\",\"https:\\\/\\\/x.com\\\/artelatz_inguru\",\"https:\\\/\\\/www.youtube.com\\\/user\\\/artelatz\"]}]}<\/script>\n<!-- \/ Yoast SEO plugin. -->","yoast_head_json":{"title":"Servicios &#8226; Artelatz","description":"Desde su creaci\u00f3n, el equipo de Artelatz ha ido evolucionando en la relaci\u00f3n de servicios que ofrece a sus clientes.","robots":{"index":"index","follow":"follow","max-snippet":"max-snippet:-1","max-image-preview":"max-image-preview:large","max-video-preview":"max-video-preview:-1"},"canonical":"https:\/\/artelatz.eus\/es\/servicios\/","og_locale":"es_ES","og_type":"article","og_title":"Servicios &#8226; Artelatz","og_description":"Desde su creaci\u00f3n, el equipo de Artelatz ha ido evolucionando en la relaci\u00f3n de servicios que ofrece a sus clientes.","og_url":"https:\/\/artelatz.eus\/es\/servicios\/","og_site_name":"Artelatz","article_publisher":"https:\/\/www.facebook.com\/Artelatz-143100262512937\/","article_modified_time":"2024-08-11T23:21:56+00:00","og_image":[{"url":"https:\/\/artelatz.eus\/wp-content\/uploads\/2019\/06\/Kanpainak.jpg","type":"","width":"","height":""}],"twitter_card":"summary_large_image","twitter_site":"@artelatz_inguru","twitter_misc":{"Tiempo de lectura":"5 minutos"},"schema":{"@context":"https:\/\/schema.org","@graph":[{"@type":"WebPage","@id":"https:\/\/artelatz.eus\/es\/servicios\/","url":"https:\/\/artelatz.eus\/es\/servicios\/","name":"Servicios &#8226; Artelatz","isPartOf":{"@id":"https:\/\/artelatz.eus\/#website"},"primaryImageOfPage":{"@id":"https:\/\/artelatz.eus\/es\/servicios\/#primaryimage"},"image":{"@id":"https:\/\/artelatz.eus\/es\/servicios\/#primaryimage"},"thumbnailUrl":"https:\/\/artelatz.eus\/wp-content\/uploads\/2019\/06\/Kanpainak.jpg","datePublished":"2019-03-04T09:42:00+00:00","dateModified":"2024-08-11T23:21:56+00:00","description":"Desde su creaci\u00f3n, el equipo de Artelatz ha ido evolucionando en la relaci\u00f3n de servicios que ofrece a sus clientes.","breadcrumb":{"@id":"https:\/\/artelatz.eus\/es\/servicios\/#breadcrumb"},"inLanguage":"es","potentialAction":[{"@type":"ReadAction","target":["https:\/\/artelatz.eus\/es\/servicios\/"]}]},{"@type":"ImageObject","inLanguage":"es","@id":"https:\/\/artelatz.eus\/es\/servicios\/#primaryimage","url":"https:\/\/artelatz.eus\/wp-content\/uploads\/2019\/06\/Kanpainak.jpg","contentUrl":"https:\/\/artelatz.eus\/wp-content\/uploads\/2019\/06\/Kanpainak.jpg"},{"@type":"BreadcrumbList","@id":"https:\/\/artelatz.eus\/es\/servicios\/#breadcrumb","itemListElement":[{"@type":"ListItem","position":1,"name":"Home","item":"https:\/\/artelatz.eus\/es\/"},{"@type":"ListItem","position":2,"name":"Servicios"}]},{"@type":"WebSite","@id":"https:\/\/artelatz.eus\/#website","url":"https:\/\/artelatz.eus\/","name":"Artelatz","description":"Ingurumen zerbitzuak","publisher":{"@id":"https:\/\/artelatz.eus\/#organization"},"potentialAction":[{"@type":"SearchAction","target":{"@type":"EntryPoint","urlTemplate":"https:\/\/artelatz.eus\/?s={search_term_string}"},"query-input":{"@type":"PropertyValueSpecification","valueRequired":true,"valueName":"search_term_string"}}],"inLanguage":"es"},{"@type":"Organization","@id":"https:\/\/artelatz.eus\/#organization","name":"Artelatz Ingurugiro Zerbitzuak","url":"https:\/\/artelatz.eus\/","logo":{"@type":"ImageObject","inLanguage":"es","@id":"https:\/\/artelatz.eus\/#\/schema\/logo\/image\/","url":"https:\/\/artelatz.eus\/wp-content\/uploads\/2019\/03\/Artelatz_logo.png","contentUrl":"https:\/\/artelatz.eus\/wp-content\/uploads\/2019\/03\/Artelatz_logo.png","width":200,"height":87,"caption":"Artelatz Ingurugiro Zerbitzuak"},"image":{"@id":"https:\/\/artelatz.eus\/#\/schema\/logo\/image\/"},"sameAs":["https:\/\/www.facebook.com\/Artelatz-143100262512937\/","https:\/\/x.com\/artelatz_inguru","https:\/\/www.youtube.com\/user\/artelatz"]}]}},"_links":{"self":[{"href":"https:\/\/artelatz.eus\/es\/wp-json\/wp\/v2\/pages\/6493","targetHints":{"allow":["GET"]}}],"collection":[{"href":"https:\/\/artelatz.eus\/es\/wp-json\/wp\/v2\/pages"}],"about":[{"href":"https:\/\/artelatz.eus\/es\/wp-json\/wp\/v2\/types\/page"}],"author":[{"embeddable":true,"href":"https:\/\/artelatz.eus\/es\/wp-json\/wp\/v2\/users\/1"}],"replies":[{"embeddable":true,"href":"https:\/\/artelatz.eus\/es\/wp-json\/wp\/v2\/comments?post=6493"}],"version-history":[{"count":5,"href":"https:\/\/artelatz.eus\/es\/wp-json\/wp\/v2\/pages\/6493\/revisions"}],"predecessor-version":[{"id":8232,"href":"https:\/\/artelatz.eus\/es\/wp-json\/wp\/v2\/pages\/6493\/revisions\/8232"}],"wp:attachment":[{"href":"https:\/\/artelatz.eus\/es\/wp-json\/wp\/v2\/media?parent=6493"}],"curies":[{"name":"wp","href":"https:\/\/api.w.org\/{rel}","templated":true}]}}