{"id":6479,"date":"2019-03-04T10:13:46","date_gmt":"2019-03-04T09:13:46","guid":{"rendered":"https:\/\/artelatz.eus\/harremanak\/"},"modified":"2024-08-12T01:16:37","modified_gmt":"2024-08-11T23:16:37","slug":"contacto","status":"publish","type":"page","link":"https:\/\/artelatz.eus\/es\/contacto\/","title":{"rendered":"Contacto"},"content":{"rendered":"<p>[et_pb_section fb_built=\u00bb1&#8243; fullwidth=\u00bbon\u00bb next_background_color=\u00bb#ffffff\u00bb _builder_version=\u00bb4.16&#8243; background_color=\u00bbrgba(0,0,0,0.25)\u00bb background_image=\u00bbhttps:\/\/artelatz.eus\/wp-content\/uploads\/2019\/07\/Banner_HARREMANAK.jpg\u00bb background_blend=\u00bbdarken\u00bb custom_padding=\u00bb0|0px|90px|0px|false|false\u00bb bottom_divider_style=\u00bbgraph3&#8243; bottom_divider_height=\u00bb20px\u00bb global_colors_info=\u00bb{}\u00bb][et_pb_fullwidth_post_title meta=\u00bboff\u00bb featured_image=\u00bboff\u00bb _builder_version=\u00bb4.16&#8243; title_font=\u00bb|||on|||||\u00bb title_text_align=\u00bbcenter\u00bb title_text_color=\u00bb#ffffff\u00bb title_font_size=\u00bb30px\u00bb title_letter_spacing=\u00bb5px\u00bb animation_style=\u00bbzoom\u00bb title_text_shadow_style=\u00bbpreset1&#8243; global_colors_info=\u00bb{}\u00bb][\/et_pb_fullwidth_post_title][\/et_pb_section][et_pb_section fb_built=\u00bb1&#8243; _builder_version=\u00bb4.16&#8243; custom_padding=\u00bb50px||30px||false|false\u00bb bottom_divider_color=\u00bb#4b575f\u00bb global_colors_info=\u00bb{}\u00bb][et_pb_row column_structure=\u00bb3_5,2_5&#8243; _builder_version=\u00bb4.16&#8243; custom_padding=\u00bb0|0px|0|0px|false|false\u00bb animation_style=\u00bbfade\u00bb global_colors_info=\u00bb{}\u00bb][et_pb_column type=\u00bb3_5&#8243; _builder_version=\u00bb4.16&#8243; custom_padding=\u00bb|||\u00bb global_colors_info=\u00bb{}\u00bb custom_padding__hover=\u00bb|||\u00bb][et_pb_text _builder_version=\u00bb4.16&#8243; global_colors_info=\u00bb{}\u00bb]Para cualquier pregunta o sugerencia ponte en contacto con nosotros a trav\u00e9s de este formulario.[\/et_pb_text][et_pb_code _builder_version=\u00bb4.16&#8243; global_colors_info=\u00bb{}\u00bb]<div class=\"wpforms-container wpforms-container-full\" id=\"wpforms-4620\"><form id=\"wpforms-form-4620\" class=\"wpforms-validate wpforms-form\" data-formid=\"4620\" method=\"post\" enctype=\"multipart\/form-data\" action=\"\/es\/wp-json\/wp\/v2\/pages\/6479\" data-token=\"9aff23856404b81e756b48a7afa96f7a\" data-token-time=\"1777433469\"><noscript class=\"wpforms-error-noscript\">Por favor, activa JavaScript en tu navegador para completar este formulario.<\/noscript><div class=\"wpforms-field-container\"><div id=\"wpforms-4620-field_0-container\" class=\"wpforms-field wpforms-field-name\" data-field-id=\"0\"><label class=\"wpforms-field-label\" for=\"wpforms-4620-field_0\">Nombre y apellidos <span class=\"wpforms-required-label\">*<\/span><\/label><input type=\"text\" id=\"wpforms-4620-field_0\" class=\"wpforms-field-medium wpforms-field-required\" name=\"wpforms[fields][0]\" required><\/div><div id=\"wpforms-4620-field_1-container\" class=\"wpforms-field wpforms-field-email\" data-field-id=\"1\"><label class=\"wpforms-field-label\" for=\"wpforms-4620-field_1\">Email <span class=\"wpforms-required-label\">*<\/span><\/label><input type=\"email\" id=\"wpforms-4620-field_1\" class=\"wpforms-field-medium wpforms-field-required\" name=\"wpforms[fields][1]\" spellcheck=\"false\" required><\/div><div id=\"wpforms-4620-field_4-container\" class=\"wpforms-field wpforms-field-number\" data-field-id=\"4\"><label class=\"wpforms-field-label\" for=\"wpforms-4620-field_4\">Tel\u00e9fono<\/label><input type=\"number\" id=\"wpforms-4620-field_4\" class=\"wpforms-field-medium\" name=\"wpforms[fields][4]\" ><\/div><div id=\"wpforms-4620-field_3-container\" class=\"wpforms-field wpforms-field-text\" data-field-id=\"3\"><label class=\"wpforms-field-label\" for=\"wpforms-4620-field_3\">Asunto<\/label><input type=\"text\" id=\"wpforms-4620-field_3\" class=\"wpforms-field-medium\" name=\"wpforms[fields][3]\" ><\/div><div id=\"wpforms-4620-field_2-container\" class=\"wpforms-field wpforms-field-textarea\" data-field-id=\"2\"><label class=\"wpforms-field-label\" for=\"wpforms-4620-field_2\">Mensaje <span class=\"wpforms-required-label\">*<\/span><\/label><textarea id=\"wpforms-4620-field_2\" class=\"wpforms-field-medium wpforms-field-required\" name=\"wpforms[fields][2]\" required><\/textarea><\/div><div id=\"wpforms-4620-field_5-container\" class=\"wpforms-field wpforms-field-gdpr-checkbox\" data-field-id=\"5\"><label class=\"wpforms-field-label\">Pol\u00edtica de privacidad <span class=\"wpforms-required-label\">*<\/span><\/label><ul id=\"wpforms-4620-field_5\" class=\"wpforms-field-required\"><li class=\"choice-1\"><input type=\"checkbox\" id=\"wpforms-4620-field_5_1\" name=\"wpforms[fields][5][]\" value=\"&lt;a href=&quot;\/politica-de-privacidad\/&quot; title=&quot;Pol\u00edtica de Privacidad&quot;&gt;He le\u00eddo y acepto la Pol\u00edtica de Privacidad&lt;\/a&gt;\" required ><label class=\"wpforms-field-label-inline\" for=\"wpforms-4620-field_5_1\"><a href=\"\/politica-de-privacidad\/\" title=\"Pol\u00edtica de Privacidad\">He le\u00eddo y acepto la Pol\u00edtica de Privacidad<\/a><\/label><\/li><\/ul><div class=\"wpforms-field-description\">ARTELATZ INGURUMEN ZERBITZUAK, S.L., como responsable del tratamiento, le informa que sus datos\r\nson recabados con la finalidad de: para contactar con el solicitante, atender las consultas realizadas y\r\nenv\u00edo de boletines publicitarios. La base jur\u00eddica para el tratamiento es el consentimiento del interesado.\r\nSus datos no se ceder\u00e1n a terceros salvo obligaci\u00f3n legal. Cualquier persona tiene derecho a solicitar el\r\nacceso, rectificaci\u00f3n, supresi\u00f3n, limitaci\u00f3n del tratamiento, oposici\u00f3n o derecho a la portabilidad de sus\r\ndatos personales, escribi\u00e9ndonos a la direcci\u00f3n de nuestras oficinas, o enviando un correo electr\u00f3nico a\r\nartelatz@artelatz.eus, indicando el derecho que desea ejercer. Puede obtener informaci\u00f3n\r\nadicional en la POL\u00cdTICA DE PRIVACIDAD de nuestra p\u00e1gina web: <a href=\"https:\/\/artelatz.eus\/\" title=\"Pol\u00edtica de Privacidad\">www.artelatz.eus<\/a>.<\/div><\/div><\/div><!-- .wpforms-field-container --><div class=\"wpforms-field wpforms-field-hp\"><label for=\"wpforms-4620-field-hp\" class=\"wpforms-field-label\">Website<\/label><input type=\"text\" name=\"wpforms[hp]\" id=\"wpforms-4620-field-hp\" class=\"wpforms-field-medium\"><\/div><div class=\"wpforms-recaptcha-container wpforms-is-recaptcha wpforms-is-recaptcha-type-v2\" ><div class=\"g-recaptcha\" data-sitekey=\"6LeEJL4SAAAAAP54IQim-1AjdPyjG8NeVDB3QZGz\"><\/div><input type=\"text\" name=\"g-recaptcha-hidden\" class=\"wpforms-recaptcha-hidden\" style=\"position:absolute!important;clip:rect(0,0,0,0)!important;height:1px!important;width:1px!important;border:0!important;overflow:hidden!important;padding:0!important;margin:0!important;\" data-rule-recaptcha=\"1\"><\/div><div class=\"wpforms-submit-container\" ><input type=\"hidden\" name=\"wpforms[id]\" value=\"4620\"><input type=\"hidden\" name=\"page_title\" value=\"\"><input type=\"hidden\" name=\"page_url\" value=\"https:\/\/artelatz.eus\/es\/wp-json\/wp\/v2\/pages\/6479\"><button type=\"submit\" name=\"wpforms[submit]\" id=\"wpforms-submit-4620\" class=\"wpforms-submit\" data-alt-text=\"Enviando...\" data-submit-text=\"Enviar\" aria-live=\"assertive\" value=\"wpforms-submit\">Enviar<\/button><\/div><\/form><\/div>  <!-- .wpforms-container -->[\/et_pb_code][\/et_pb_column][et_pb_column type=\u00bb2_5&#8243; _builder_version=\u00bb4.16&#8243; custom_padding=\u00bb|||\u00bb global_colors_info=\u00bb{}\u00bb custom_padding__hover=\u00bb|||\u00bb][et_pb_blurb title=\u00bbArtelatz Ingurugiro Zerbitzuak\u00bb use_icon=\u00bbon\u00bb font_icon=\u00bb&#xe026;||divi||400&#8243; icon_placement=\u00bbleft\u00bb image_icon_width=\u00bb50px\u00bb _builder_version=\u00bb4.16&#8243; header_level=\u00bbh5&#8243; header_font=\u00bb||||||||\u00bb background_color=\u00bbrgba(75,87,95,0.1)\u00bb custom_padding=\u00bb10px|10px|10px|10px\u00bb animation_style=\u00bbfade\u00bb border_radii=\u00bbon|10px|10px|10px|10px\u00bb box_shadow_style=\u00bbpreset1&#8243; icon_font_size=\u00bb50px\u00bb global_colors_info=\u00bb{}\u00bb]<\/p>\n<p><i class=\"fas fa-search-location\"><\/i> Izaskungo Aldapa, 3 &#8211; 1. ezk . 20400 &#8211; Tolosa (Gipuzkoa)<\/p>\n<p><i class=\"far fa-envelope-open\"><\/i> <a title=\"E-mail de contacto\" href=\"mailto:artelatz@artelatz.eus\">artelatz@artelatz.eus<\/a><\/p>\n<p><i class=\"fa fa-phone fa-lg\"><\/i> <a title=\"Tel\u00e9fono\" href=\"tel:943670637\">94 367 06 37<\/a><\/p>\n<p>[\/et_pb_blurb][et_pb_cta title=\u00bb\u00bfQuieres trabajar con nosotros?\u00bb button_url=\u00bb\/es\/trabaja-con-nosotros\/\u00bb button_text=\u00bbCont\u00e1ctanos\u00bb _builder_version=\u00bb4.16&#8243; header_font=\u00bb||||||||\u00bb header_font_size=\u00bb18px\u00bb background_color=\u00bbrgba(151,191,13,0.25)\u00bb custom_button=\u00bbon\u00bb button_text_size=\u00bb18px\u00bb button_text_color=\u00bb#4b575f\u00bb button_font=\u00bb||||||||\u00bb button_icon=\u00bb&#x6a;||divi||400&#8243; button_on_hover=\u00bboff\u00bb background_layout=\u00bblight\u00bb animation_style=\u00bbfade\u00bb border_radii=\u00bbon|10px|10px|10px|10px\u00bb box_shadow_style=\u00bbpreset1&#8243; global_colors_info=\u00bb{}\u00bb][\/et_pb_cta][\/et_pb_column][\/et_pb_row][\/et_pb_section][et_pb_section fb_built=\u00bb1&#8243; fullwidth=\u00bbon\u00bb _builder_version=\u00bb4.16&#8243; custom_padding=\u00bb0px|0px|0|0px|false|false\u00bb bottom_divider_style=\u00bbmountains2&#8243; bottom_divider_color=\u00bb#4b575f\u00bb global_colors_info=\u00bb{}\u00bb][et_pb_fullwidth_map address=\u00bbTolosa\u00bb zoom_level=\u00bb17&#8243; address_lat=\u00bb43.136696520911&#8243; address_lng=\u00bb-2.0726072308155&#8243; mouse_wheel=\u00bboff\u00bb _builder_version=\u00bb4.16&#8243; global_colors_info=\u00bb{}\u00bb][et_pb_map_pin title=\u00bbArtelatz\u00bb pin_address=\u00bbIzaskungo Aldapa, 3, Tolosa\u00bb pin_address_lat=\u00bb43.136729201276&#8243; pin_address_lng=\u00bb-2.0712125301361&#8243; _builder_version=\u00bb3.19.18&#8243; global_colors_info=\u00bb{}\u00bb][\/et_pb_map_pin][\/et_pb_fullwidth_map][\/et_pb_section]<\/p>\n","protected":false},"excerpt":{"rendered":"<p>Para cualquier pregunta o sugerencia ponte en contacto con nosotros a trav\u00e9s de este formulario.<div class=\"wpforms-container wpforms-container-full\" id=\"wpforms-4620\"><form id=\"wpforms-form-4620\" class=\"wpforms-validate wpforms-form\" data-formid=\"4620\" method=\"post\" enctype=\"multipart\/form-data\" action=\"\/es\/wp-json\/wp\/v2\/pages\/6479\" data-token=\"9aff23856404b81e756b48a7afa96f7a\" data-token-time=\"1777433469\"><noscript class=\"wpforms-error-noscript\">Por favor, activa JavaScript en tu navegador para completar este formulario.<\/noscript><div class=\"wpforms-field-container\"><div id=\"wpforms-4620-field_0-container\" class=\"wpforms-field wpforms-field-name\" data-field-id=\"0\"><label class=\"wpforms-field-label\" for=\"wpforms-4620-field_0\">Nombre y apellidos <span class=\"wpforms-required-label\">*<\/span><\/label><input type=\"text\" id=\"wpforms-4620-field_0\" class=\"wpforms-field-medium wpforms-field-required\" name=\"wpforms[fields][0]\" required><\/div><div id=\"wpforms-4620-field_1-container\" class=\"wpforms-field wpforms-field-email\" data-field-id=\"1\"><label class=\"wpforms-field-label\" for=\"wpforms-4620-field_1\">Email <span class=\"wpforms-required-label\">*<\/span><\/label><input type=\"email\" id=\"wpforms-4620-field_1\" class=\"wpforms-field-medium wpforms-field-required\" name=\"wpforms[fields][1]\" spellcheck=\"false\" required><\/div><div id=\"wpforms-4620-field_4-container\" class=\"wpforms-field wpforms-field-number\" data-field-id=\"4\"><label class=\"wpforms-field-label\" for=\"wpforms-4620-field_4\">Tel\u00e9fono<\/label><input type=\"number\" id=\"wpforms-4620-field_4\" class=\"wpforms-field-medium\" name=\"wpforms[fields][4]\" ><\/div><div id=\"wpforms-4620-field_3-container\" class=\"wpforms-field wpforms-field-text\" data-field-id=\"3\"><label class=\"wpforms-field-label\" for=\"wpforms-4620-field_3\">Asunto<\/label><input type=\"text\" id=\"wpforms-4620-field_3\" class=\"wpforms-field-medium\" name=\"wpforms[fields][3]\" ><\/div><div id=\"wpforms-4620-field_2-container\" class=\"wpforms-field wpforms-field-textarea\" data-field-id=\"2\"><label class=\"wpforms-field-label\" for=\"wpforms-4620-field_2\">Mensaje <span class=\"wpforms-required-label\">*<\/span><\/label><textarea id=\"wpforms-4620-field_2\" class=\"wpforms-field-medium wpforms-field-required\" name=\"wpforms[fields][2]\" required><\/textarea><\/div><div id=\"wpforms-4620-field_5-container\" class=\"wpforms-field wpforms-field-gdpr-checkbox\" data-field-id=\"5\"><label class=\"wpforms-field-label\">Pol\u00edtica de privacidad <span class=\"wpforms-required-label\">*<\/span><\/label><ul id=\"wpforms-4620-field_5\" class=\"wpforms-field-required\"><li class=\"choice-1\"><input type=\"checkbox\" id=\"wpforms-4620-field_5_1\" name=\"wpforms[fields][5][]\" value=\"&lt;a href=&quot;\/politica-de-privacidad\/&quot; title=&quot;Pol\u00edtica de Privacidad&quot;&gt;He le\u00eddo y acepto la Pol\u00edtica de Privacidad&lt;\/a&gt;\" required ><label class=\"wpforms-field-label-inline\" for=\"wpforms-4620-field_5_1\"><a href=\"\/politica-de-privacidad\/\" title=\"Pol\u00edtica de Privacidad\">He le\u00eddo y acepto la Pol\u00edtica de Privacidad<\/a><\/label><\/li><\/ul><div class=\"wpforms-field-description\">ARTELATZ INGURUMEN ZERBITZUAK, S.L., como responsable del tratamiento, le informa que sus datos\r\nson recabados con la finalidad de: para contactar con el solicitante, atender las consultas realizadas y\r\nenv\u00edo de boletines publicitarios. La base jur\u00eddica para el tratamiento es el consentimiento del interesado.\r\nSus datos no se ceder\u00e1n a terceros salvo obligaci\u00f3n legal. Cualquier persona tiene derecho a solicitar el\r\nacceso, rectificaci\u00f3n, supresi\u00f3n, limitaci\u00f3n del tratamiento, oposici\u00f3n o derecho a la portabilidad de sus\r\ndatos personales, escribi\u00e9ndonos a la direcci\u00f3n de nuestras oficinas, o enviando un correo electr\u00f3nico a\r\nartelatz@artelatz.eus, indicando el derecho que desea ejercer. Puede obtener informaci\u00f3n\r\nadicional en la POL\u00cdTICA DE PRIVACIDAD de nuestra p\u00e1gina web: <a href=\"https:\/\/artelatz.eus\/\" title=\"Pol\u00edtica de Privacidad\">www.artelatz.eus<\/a>.<\/div><\/div><\/div><!-- .wpforms-field-container --><div class=\"wpforms-field wpforms-field-hp\"><label for=\"wpforms-4620-field-hp\" class=\"wpforms-field-label\">Message<\/label><input type=\"text\" name=\"wpforms[hp]\" id=\"wpforms-4620-field-hp\" class=\"wpforms-field-medium\"><\/div><div class=\"wpforms-recaptcha-container wpforms-is-recaptcha wpforms-is-recaptcha-type-v2\" ><div class=\"g-recaptcha\" data-sitekey=\"6LeEJL4SAAAAAP54IQim-1AjdPyjG8NeVDB3QZGz\"><\/div><input type=\"text\" name=\"g-recaptcha-hidden\" class=\"wpforms-recaptcha-hidden\" style=\"position:absolute!important;clip:rect(0,0,0,0)!important;height:1px!important;width:1px!important;border:0!important;overflow:hidden!important;padding:0!important;margin:0!important;\" data-rule-recaptcha=\"1\"><\/div><div class=\"wpforms-submit-container\" ><input type=\"hidden\" name=\"wpforms[id]\" value=\"4620\"><input type=\"hidden\" name=\"page_title\" value=\"\"><input type=\"hidden\" name=\"page_url\" value=\"https:\/\/artelatz.eus\/es\/wp-json\/wp\/v2\/pages\/6479\"><button type=\"submit\" name=\"wpforms[submit]\" id=\"wpforms-submit-4620\" class=\"wpforms-submit\" data-alt-text=\"Enviando...\" data-submit-text=\"Enviar\" aria-live=\"assertive\" value=\"wpforms-submit\">Enviar<\/button><\/div><\/form><\/div>  <!-- .wpforms-container --> Izaskungo Aldapa, 3 &#8211; 1. ezk . 20400 &#8211; Tolosa (Gipuzkoa) artelatz@artelatz.eus 94 367 06 37<\/p>\n","protected":false},"author":1,"featured_media":0,"parent":0,"menu_order":0,"comment_status":"closed","ping_status":"closed","template":"","meta":{"_et_pb_use_builder":"on","_et_pb_old_content":"[wpforms id=\"4621\"]","_et_gb_content_width":"","footnotes":""},"class_list":["post-6479","page","type-page","status-publish","hentry"],"yoast_head":"<!-- This site is optimized with the Yoast SEO plugin v27.3 - https:\/\/yoast.com\/product\/yoast-seo-wordpress\/ -->\n<title>Contacto &#8226; Artelatz<\/title>\n<meta name=\"description\" content=\"Para cualquier pregunta o sugerencia ponte en contacto con nosotros a trav\u00e9s de este formulario. Izaskungo Aldapa, 3 \u2013 1. ezk . 20400 \u2013 Tolosa (Gipuzkoa)\" \/>\n<meta name=\"robots\" content=\"index, follow, max-snippet:-1, max-image-preview:large, max-video-preview:-1\" \/>\n<link rel=\"canonical\" href=\"https:\/\/artelatz.eus\/es\/contacto\/\" \/>\n<meta property=\"og:locale\" content=\"es_ES\" \/>\n<meta property=\"og:type\" content=\"article\" \/>\n<meta property=\"og:title\" content=\"Contacto &#8226; Artelatz\" \/>\n<meta property=\"og:description\" content=\"Para cualquier pregunta o sugerencia ponte en contacto con nosotros a trav\u00e9s de este formulario. Izaskungo Aldapa, 3 \u2013 1. ezk . 20400 \u2013 Tolosa (Gipuzkoa)\" \/>\n<meta property=\"og:url\" content=\"https:\/\/artelatz.eus\/es\/contacto\/\" \/>\n<meta property=\"og:site_name\" content=\"Artelatz\" \/>\n<meta property=\"article:publisher\" content=\"https:\/\/www.facebook.com\/Artelatz-143100262512937\/\" \/>\n<meta property=\"article:modified_time\" content=\"2024-08-11T23:16:37+00:00\" \/>\n<meta property=\"og:image\" content=\"https:\/\/artelatz.eus\/wp-content\/uploads\/2019\/03\/Artelatz_logo.png\" \/>\n\t<meta property=\"og:image:width\" content=\"200\" \/>\n\t<meta property=\"og:image:height\" content=\"87\" \/>\n\t<meta property=\"og:image:type\" content=\"image\/png\" \/>\n<meta name=\"twitter:card\" content=\"summary_large_image\" \/>\n<meta name=\"twitter:site\" content=\"@artelatz_inguru\" \/>\n<meta name=\"twitter:label1\" content=\"Tiempo de lectura\" \/>\n\t<meta name=\"twitter:data1\" content=\"2 minutos\" \/>\n<script type=\"application\/ld+json\" class=\"yoast-schema-graph\">{\"@context\":\"https:\\\/\\\/schema.org\",\"@graph\":[{\"@type\":\"WebPage\",\"@id\":\"https:\\\/\\\/artelatz.eus\\\/es\\\/contacto\\\/\",\"url\":\"https:\\\/\\\/artelatz.eus\\\/es\\\/contacto\\\/\",\"name\":\"Contacto &#8226; Artelatz\",\"isPartOf\":{\"@id\":\"https:\\\/\\\/artelatz.eus\\\/#website\"},\"datePublished\":\"2019-03-04T09:13:46+00:00\",\"dateModified\":\"2024-08-11T23:16:37+00:00\",\"description\":\"Para cualquier pregunta o sugerencia ponte en contacto con nosotros a trav\u00e9s de este formulario. Izaskungo Aldapa, 3 \u2013 1. ezk . 20400 \u2013 Tolosa (Gipuzkoa)\",\"breadcrumb\":{\"@id\":\"https:\\\/\\\/artelatz.eus\\\/es\\\/contacto\\\/#breadcrumb\"},\"inLanguage\":\"es\",\"potentialAction\":[{\"@type\":\"ReadAction\",\"target\":[\"https:\\\/\\\/artelatz.eus\\\/es\\\/contacto\\\/\"]}]},{\"@type\":\"BreadcrumbList\",\"@id\":\"https:\\\/\\\/artelatz.eus\\\/es\\\/contacto\\\/#breadcrumb\",\"itemListElement\":[{\"@type\":\"ListItem\",\"position\":1,\"name\":\"Home\",\"item\":\"https:\\\/\\\/artelatz.eus\\\/es\\\/\"},{\"@type\":\"ListItem\",\"position\":2,\"name\":\"Contacto\"}]},{\"@type\":\"WebSite\",\"@id\":\"https:\\\/\\\/artelatz.eus\\\/#website\",\"url\":\"https:\\\/\\\/artelatz.eus\\\/\",\"name\":\"Artelatz\",\"description\":\"Ingurumen zerbitzuak\",\"publisher\":{\"@id\":\"https:\\\/\\\/artelatz.eus\\\/#organization\"},\"potentialAction\":[{\"@type\":\"SearchAction\",\"target\":{\"@type\":\"EntryPoint\",\"urlTemplate\":\"https:\\\/\\\/artelatz.eus\\\/?s={search_term_string}\"},\"query-input\":{\"@type\":\"PropertyValueSpecification\",\"valueRequired\":true,\"valueName\":\"search_term_string\"}}],\"inLanguage\":\"es\"},{\"@type\":\"Organization\",\"@id\":\"https:\\\/\\\/artelatz.eus\\\/#organization\",\"name\":\"Artelatz Ingurugiro Zerbitzuak\",\"url\":\"https:\\\/\\\/artelatz.eus\\\/\",\"logo\":{\"@type\":\"ImageObject\",\"inLanguage\":\"es\",\"@id\":\"https:\\\/\\\/artelatz.eus\\\/#\\\/schema\\\/logo\\\/image\\\/\",\"url\":\"https:\\\/\\\/artelatz.eus\\\/wp-content\\\/uploads\\\/2019\\\/03\\\/Artelatz_logo.png\",\"contentUrl\":\"https:\\\/\\\/artelatz.eus\\\/wp-content\\\/uploads\\\/2019\\\/03\\\/Artelatz_logo.png\",\"width\":200,\"height\":87,\"caption\":\"Artelatz Ingurugiro Zerbitzuak\"},\"image\":{\"@id\":\"https:\\\/\\\/artelatz.eus\\\/#\\\/schema\\\/logo\\\/image\\\/\"},\"sameAs\":[\"https:\\\/\\\/www.facebook.com\\\/Artelatz-143100262512937\\\/\",\"https:\\\/\\\/x.com\\\/artelatz_inguru\",\"https:\\\/\\\/www.youtube.com\\\/user\\\/artelatz\"]}]}<\/script>\n<!-- \/ Yoast SEO plugin. -->","yoast_head_json":{"title":"Contacto &#8226; Artelatz","description":"Para cualquier pregunta o sugerencia ponte en contacto con nosotros a trav\u00e9s de este formulario. Izaskungo Aldapa, 3 \u2013 1. ezk . 20400 \u2013 Tolosa (Gipuzkoa)","robots":{"index":"index","follow":"follow","max-snippet":"max-snippet:-1","max-image-preview":"max-image-preview:large","max-video-preview":"max-video-preview:-1"},"canonical":"https:\/\/artelatz.eus\/es\/contacto\/","og_locale":"es_ES","og_type":"article","og_title":"Contacto &#8226; Artelatz","og_description":"Para cualquier pregunta o sugerencia ponte en contacto con nosotros a trav\u00e9s de este formulario. Izaskungo Aldapa, 3 \u2013 1. ezk . 20400 \u2013 Tolosa (Gipuzkoa)","og_url":"https:\/\/artelatz.eus\/es\/contacto\/","og_site_name":"Artelatz","article_publisher":"https:\/\/www.facebook.com\/Artelatz-143100262512937\/","article_modified_time":"2024-08-11T23:16:37+00:00","og_image":[{"width":200,"height":87,"url":"https:\/\/artelatz.eus\/wp-content\/uploads\/2019\/03\/Artelatz_logo.png","type":"image\/png"}],"twitter_card":"summary_large_image","twitter_site":"@artelatz_inguru","twitter_misc":{"Tiempo de lectura":"2 minutos"},"schema":{"@context":"https:\/\/schema.org","@graph":[{"@type":"WebPage","@id":"https:\/\/artelatz.eus\/es\/contacto\/","url":"https:\/\/artelatz.eus\/es\/contacto\/","name":"Contacto &#8226; Artelatz","isPartOf":{"@id":"https:\/\/artelatz.eus\/#website"},"datePublished":"2019-03-04T09:13:46+00:00","dateModified":"2024-08-11T23:16:37+00:00","description":"Para cualquier pregunta o sugerencia ponte en contacto con nosotros a trav\u00e9s de este formulario. Izaskungo Aldapa, 3 \u2013 1. ezk . 20400 \u2013 Tolosa (Gipuzkoa)","breadcrumb":{"@id":"https:\/\/artelatz.eus\/es\/contacto\/#breadcrumb"},"inLanguage":"es","potentialAction":[{"@type":"ReadAction","target":["https:\/\/artelatz.eus\/es\/contacto\/"]}]},{"@type":"BreadcrumbList","@id":"https:\/\/artelatz.eus\/es\/contacto\/#breadcrumb","itemListElement":[{"@type":"ListItem","position":1,"name":"Home","item":"https:\/\/artelatz.eus\/es\/"},{"@type":"ListItem","position":2,"name":"Contacto"}]},{"@type":"WebSite","@id":"https:\/\/artelatz.eus\/#website","url":"https:\/\/artelatz.eus\/","name":"Artelatz","description":"Ingurumen zerbitzuak","publisher":{"@id":"https:\/\/artelatz.eus\/#organization"},"potentialAction":[{"@type":"SearchAction","target":{"@type":"EntryPoint","urlTemplate":"https:\/\/artelatz.eus\/?s={search_term_string}"},"query-input":{"@type":"PropertyValueSpecification","valueRequired":true,"valueName":"search_term_string"}}],"inLanguage":"es"},{"@type":"Organization","@id":"https:\/\/artelatz.eus\/#organization","name":"Artelatz Ingurugiro Zerbitzuak","url":"https:\/\/artelatz.eus\/","logo":{"@type":"ImageObject","inLanguage":"es","@id":"https:\/\/artelatz.eus\/#\/schema\/logo\/image\/","url":"https:\/\/artelatz.eus\/wp-content\/uploads\/2019\/03\/Artelatz_logo.png","contentUrl":"https:\/\/artelatz.eus\/wp-content\/uploads\/2019\/03\/Artelatz_logo.png","width":200,"height":87,"caption":"Artelatz Ingurugiro Zerbitzuak"},"image":{"@id":"https:\/\/artelatz.eus\/#\/schema\/logo\/image\/"},"sameAs":["https:\/\/www.facebook.com\/Artelatz-143100262512937\/","https:\/\/x.com\/artelatz_inguru","https:\/\/www.youtube.com\/user\/artelatz"]}]}},"_links":{"self":[{"href":"https:\/\/artelatz.eus\/es\/wp-json\/wp\/v2\/pages\/6479","targetHints":{"allow":["GET"]}}],"collection":[{"href":"https:\/\/artelatz.eus\/es\/wp-json\/wp\/v2\/pages"}],"about":[{"href":"https:\/\/artelatz.eus\/es\/wp-json\/wp\/v2\/types\/page"}],"author":[{"embeddable":true,"href":"https:\/\/artelatz.eus\/es\/wp-json\/wp\/v2\/users\/1"}],"replies":[{"embeddable":true,"href":"https:\/\/artelatz.eus\/es\/wp-json\/wp\/v2\/comments?post=6479"}],"version-history":[{"count":5,"href":"https:\/\/artelatz.eus\/es\/wp-json\/wp\/v2\/pages\/6479\/revisions"}],"predecessor-version":[{"id":8221,"href":"https:\/\/artelatz.eus\/es\/wp-json\/wp\/v2\/pages\/6479\/revisions\/8221"}],"wp:attachment":[{"href":"https:\/\/artelatz.eus\/es\/wp-json\/wp\/v2\/media?parent=6479"}],"curies":[{"name":"wp","href":"https:\/\/api.w.org\/{rel}","templated":true}]}}